{"id":1842,"date":"2024-11-19T12:41:51","date_gmt":"2024-11-19T12:41:51","guid":{"rendered":"https:\/\/optoquant.de\/?page_id=1842"},"modified":"2024-12-02T09:57:13","modified_gmt":"2024-12-02T09:57:13","slug":"jobs","status":"publish","type":"page","link":"https:\/\/optoquant.de\/en\/jobs\/","title":{"rendered":"Career"},"content":{"rendered":"<div data-elementor-type=\"wp-page\" data-elementor-id=\"1842\" class=\"elementor elementor-1842\" data-elementor-post-type=\"page\">\n\t\t\t\t\t\t<section class=\"elementor-section elementor-top-section elementor-element elementor-element-88bc9ef elementor-section-boxed elementor-section-height-default elementor-section-height-default\" data-id=\"88bc9ef\" data-element_type=\"section\" data-e-type=\"section\" data-settings=\"{&quot;background_background&quot;:&quot;classic&quot;}\">\n\t\t\t\t\t\t<div class=\"elementor-container elementor-column-gap-default\">\n\t\t\t\t\t<div class=\"elementor-column elementor-col-100 elementor-top-column elementor-element elementor-element-8859f6a\" data-id=\"8859f6a\" data-element_type=\"column\" data-e-type=\"column\">\n\t\t\t<div class=\"elementor-widget-wrap elementor-element-populated\">\n\t\t\t\t\t\t<div class=\"elementor-element elementor-element-ea7c426 elementor-widget elementor-widget-spacer\" data-id=\"ea7c426\" data-element_type=\"widget\" data-e-type=\"widget\" data-widget_type=\"spacer.default\">\n\t\t\t\t<div class=\"elementor-widget-container\">\n\t\t\t\t\t\t\t<div class=\"elementor-spacer\">\n\t\t\t<div class=\"elementor-spacer-inner\"><\/div>\n\t\t<\/div>\n\t\t\t\t\t\t<\/div>\n\t\t\t\t<\/div>\n\t\t\t\t\t<\/div>\n\t\t<\/div>\n\t\t\t\t\t<\/div>\n\t\t<\/section>\n\t\t\t\t<section class=\"elementor-section elementor-top-section elementor-element elementor-element-b53b65f elementor-section-boxed elementor-section-height-default elementor-section-height-default\" data-id=\"b53b65f\" data-element_type=\"section\" data-e-type=\"section\" data-settings=\"{&quot;background_background&quot;:&quot;classic&quot;}\">\n\t\t\t\t\t\t<div class=\"elementor-container elementor-column-gap-default\">\n\t\t\t\t\t<div class=\"elementor-column elementor-col-100 elementor-top-column elementor-element elementor-element-a1bfbcc\" data-id=\"a1bfbcc\" data-element_type=\"column\" data-e-type=\"column\">\n\t\t\t<div class=\"elementor-widget-wrap elementor-element-populated\">\n\t\t\t\t\t\t<div class=\"elementor-element elementor-element-2df7bbf elementor-widget elementor-widget-heading\" data-id=\"2df7bbf\" data-element_type=\"widget\" data-e-type=\"widget\" data-widget_type=\"heading.default\">\n\t\t\t\t<div class=\"elementor-widget-container\">\n\t\t\t\t\t<h1 class=\"elementor-heading-title elementor-size-default\">Working at Optoquant<\/h1>\t\t\t\t<\/div>\n\t\t\t\t<\/div>\n\t\t\t\t<div class=\"elementor-element elementor-element-c8d9b37 elementor-widget elementor-widget-spacer\" data-id=\"c8d9b37\" data-element_type=\"widget\" data-e-type=\"widget\" data-widget_type=\"spacer.default\">\n\t\t\t\t<div class=\"elementor-widget-container\">\n\t\t\t\t\t\t\t<div class=\"elementor-spacer\">\n\t\t\t<div class=\"elementor-spacer-inner\"><\/div>\n\t\t<\/div>\n\t\t\t\t\t\t<\/div>\n\t\t\t\t<\/div>\n\t\t\t\t\t<\/div>\n\t\t<\/div>\n\t\t\t\t\t<\/div>\n\t\t<\/section>\n\t\t\t\t<section class=\"elementor-section elementor-top-section elementor-element elementor-element-fd951c8 elementor-section-boxed elementor-section-height-default elementor-section-height-default\" data-id=\"fd951c8\" data-element_type=\"section\" data-e-type=\"section\">\n\t\t\t\t\t\t<div class=\"elementor-container elementor-column-gap-default\">\n\t\t\t\t\t<div class=\"elementor-column elementor-col-33 elementor-top-column elementor-element elementor-element-b10bfa6 elementor-hidden-mobile\" data-id=\"b10bfa6\" data-element_type=\"column\" data-e-type=\"column\">\n\t\t\t<div class=\"elementor-widget-wrap\">\n\t\t\t\t\t\t\t<\/div>\n\t\t<\/div>\n\t\t\t\t<div class=\"elementor-column elementor-col-33 elementor-top-column elementor-element elementor-element-317f785\" data-id=\"317f785\" data-element_type=\"column\" data-e-type=\"column\">\n\t\t\t<div class=\"elementor-widget-wrap elementor-element-populated\">\n\t\t\t\t\t\t<div class=\"elementor-element elementor-element-6f9cf9a elementor-widget elementor-widget-heading\" data-id=\"6f9cf9a\" data-element_type=\"widget\" data-e-type=\"widget\" data-widget_type=\"heading.default\">\n\t\t\t\t<div class=\"elementor-widget-container\">\n\t\t\t\t\t<h2 class=\"elementor-heading-title elementor-size-default\">Current job offers<\/h2>\t\t\t\t<\/div>\n\t\t\t\t<\/div>\n\t\t\t\t<div class=\"elementor-element elementor-element-dc1062d elementor-widget elementor-widget-toggle\" data-id=\"dc1062d\" data-element_type=\"widget\" data-e-type=\"widget\" data-widget_type=\"toggle.default\">\n\t\t\t\t<div class=\"elementor-widget-container\">\n\t\t\t\t\t\t\t<div class=\"elementor-toggle\">\n\t\t\t\t\t\t\t<div class=\"elementor-toggle-item\">\n\t\t\t\t\t<div id=\"elementor-tab-title-2301\" class=\"elementor-tab-title\" data-tab=\"1\" role=\"button\" aria-controls=\"elementor-tab-content-2301\" aria-expanded=\"false\">\n\t\t\t\t\t\t\t\t\t\t\t\t<span class=\"elementor-toggle-icon elementor-toggle-icon-left\" aria-hidden=\"true\">\n\t\t\t\t\t\t\t\t\t\t\t\t\t\t\t<span class=\"elementor-toggle-icon-closed\"><i class=\"fas fa-caret-right\"><\/i><\/span>\n\t\t\t\t\t\t\t\t<span class=\"elementor-toggle-icon-opened\"><i class=\"elementor-toggle-icon-opened fas fa-caret-up\"><\/i><\/span>\n\t\t\t\t\t\t\t\t\t\t\t\t\t<\/span>\n\t\t\t\t\t\t\t\t\t\t\t\t<a class=\"elementor-toggle-title\" tabindex=\"0\">Abschlussarbeit \/ Werksstudierendent\u00e4tigkeit (m\/w\/d)<\/a>\n\t\t\t\t\t<\/div>\n\n\t\t\t\t\t<div id=\"elementor-tab-content-2301\" class=\"elementor-tab-content elementor-clearfix\" data-tab=\"1\" role=\"region\" aria-labelledby=\"elementor-tab-title-2301\"><p><strong>Wir suchen motivierte Studierende f\u00fcr eine Abschlussarbeit oder Werksstudierendent\u00e4tigkeit. <br \/><\/strong><\/p>\n<p>Du bist auf der Suche nach einer spannenden Herausforderung in einem jungen Unternehmen mit moderner Kultur? In den Bereichen Marketing und Kommunikation?<\/p>\n<p>Wir suchen kreative K\u00f6pfe und sind offen f\u00fcr Bewerbungen aus s\u00e4mtlichen Studieng\u00e4ngen. Interdisziplin\u00e4res Arbeiten liegt uns am Herzen, dir auch?<\/p>\n<p>Nutze deine Chance, dich in einem innovativen Umfeld einzubringen und wertvolle Industrieerfahrungen zu sammeln. Bei uns hast du die M\u00f6glichkeit, an realen Projekten zu arbeiten und deine F\u00e4higkeiten weiterzuentwickeln. Die Arbeit landet nicht in der Schublade. Nat\u00fcrlich sind flache Hierarchien, eine gute Work-Life-Balance und mobiles Arbeiten f\u00fcr uns selbstverst\u00e4ndlich.<\/p>\n<p>Wir freuen uns sehr auf deine Bewerbung.<\/p><\/div>\n\t\t\t\t<\/div>\n\t\t\t\t\t\t\t\t<\/div>\n\t\t\t\t\t\t<\/div>\n\t\t\t\t<\/div>\n\t\t\t\t<div class=\"elementor-element elementor-element-b21af4e elementor-widget elementor-widget-spacer\" data-id=\"b21af4e\" data-element_type=\"widget\" data-e-type=\"widget\" data-widget_type=\"spacer.default\">\n\t\t\t\t<div class=\"elementor-widget-container\">\n\t\t\t\t\t\t\t<div class=\"elementor-spacer\">\n\t\t\t<div class=\"elementor-spacer-inner\"><\/div>\n\t\t<\/div>\n\t\t\t\t\t\t<\/div>\n\t\t\t\t<\/div>\n\t\t\t\t<div class=\"elementor-element elementor-element-4661eec elementor-widget elementor-widget-text-editor\" data-id=\"4661eec\" data-element_type=\"widget\" data-e-type=\"widget\" data-widget_type=\"text-editor.default\">\n\t\t\t\t<div class=\"elementor-widget-container\">\n\t\t\t\t\t\t\t\t\tYou are also welcome to send us an unsolicited application.<br><br>\n\nPlease send your application online to:<br>\nbe<!-- -- <!@. ---->werbung<!-- -- @@. -- .de ---->@o<!-- ..-> @ .de-->ptoquant<!-- -- .d-->.d<!-- <-- @. -->e\t\t\t\t\t\t\t\t<\/div>\n\t\t\t\t<\/div>\n\t\t\t\t\t<\/div>\n\t\t<\/div>\n\t\t\t\t<div class=\"elementor-column elementor-col-33 elementor-top-column elementor-element elementor-element-9db30a2 elementor-hidden-mobile\" data-id=\"9db30a2\" data-element_type=\"column\" data-e-type=\"column\">\n\t\t\t<div class=\"elementor-widget-wrap\">\n\t\t\t\t\t\t\t<\/div>\n\t\t<\/div>\n\t\t\t\t\t<\/div>\n\t\t<\/section>\n\t\t\t\t<section class=\"elementor-section elementor-top-section elementor-element elementor-element-8db2641 elementor-section-boxed elementor-section-height-default elementor-section-height-default\" data-id=\"8db2641\" data-element_type=\"section\" data-e-type=\"section\">\n\t\t\t\t\t\t<div class=\"elementor-container elementor-column-gap-default\">\n\t\t\t\t\t<div class=\"elementor-column elementor-col-100 elementor-top-column elementor-element elementor-element-1e8346b\" data-id=\"1e8346b\" data-element_type=\"column\" data-e-type=\"column\">\n\t\t\t<div class=\"elementor-widget-wrap elementor-element-populated\">\n\t\t\t\t\t\t<div class=\"elementor-element elementor-element-2eac8cb elementor-widget elementor-widget-spacer\" data-id=\"2eac8cb\" data-element_type=\"widget\" data-e-type=\"widget\" data-widget_type=\"spacer.default\">\n\t\t\t\t<div class=\"elementor-widget-container\">\n\t\t\t\t\t\t\t<div class=\"elementor-spacer\">\n\t\t\t<div class=\"elementor-spacer-inner\"><\/div>\n\t\t<\/div>\n\t\t\t\t\t\t<\/div>\n\t\t\t\t<\/div>\n\t\t\t\t\t<\/div>\n\t\t<\/div>\n\t\t\t\t\t<\/div>\n\t\t<\/section>\n\t\t\t\t<\/div>","protected":false},"excerpt":{"rendered":"<p>Arbeiten bei Optoquant Aktuelle Stellenangebote Abschlussarbeit \/ Werksstudierendent\u00e4tigkeit (m\/w\/d) Wir suchen motivierte Studierende f\u00fcr eine Abschlussarbeit oder Werksstudierendent\u00e4tigkeit. Du bist auf der Suche nach einer spannenden Herausforderung in einem jungen Unternehmen mit moderner Kultur? In den Bereichen Marketing und Kommunikation? Wir suchen kreative K\u00f6pfe und sind offen f\u00fcr Bewerbungen aus s\u00e4mtlichen Studieng\u00e4ngen. Interdisziplin\u00e4res Arbeiten liegt [&hellip;]<\/p>\n","protected":false},"author":1,"featured_media":0,"parent":0,"menu_order":0,"comment_status":"closed","ping_status":"closed","template":"","meta":{"footnotes":""},"class_list":["post-1842","page","type-page","status-publish","hentry"],"_links":{"self":[{"href":"https:\/\/optoquant.de\/en\/wp-json\/wp\/v2\/pages\/1842","targetHints":{"allow":["GET"]}}],"collection":[{"href":"https:\/\/optoquant.de\/en\/wp-json\/wp\/v2\/pages"}],"about":[{"href":"https:\/\/optoquant.de\/en\/wp-json\/wp\/v2\/types\/page"}],"author":[{"embeddable":true,"href":"https:\/\/optoquant.de\/en\/wp-json\/wp\/v2\/users\/1"}],"replies":[{"embeddable":true,"href":"https:\/\/optoquant.de\/en\/wp-json\/wp\/v2\/comments?post=1842"}],"version-history":[{"count":54,"href":"https:\/\/optoquant.de\/en\/wp-json\/wp\/v2\/pages\/1842\/revisions"}],"predecessor-version":[{"id":2635,"href":"https:\/\/optoquant.de\/en\/wp-json\/wp\/v2\/pages\/1842\/revisions\/2635"}],"wp:attachment":[{"href":"https:\/\/optoquant.de\/en\/wp-json\/wp\/v2\/media?parent=1842"}],"curies":[{"name":"wp","href":"https:\/\/api.w.org\/{rel}","templated":true}]}}