{"id":2695,"date":"2024-12-02T10:50:27","date_gmt":"2024-12-02T10:50:27","guid":{"rendered":"https:\/\/optoquant.de\/?page_id=2695"},"modified":"2024-12-10T08:52:58","modified_gmt":"2024-12-10T08:52:58","slug":"privacy-policy","status":"publish","type":"page","link":"https:\/\/optoquant.de\/en\/privacy-policy\/","title":{"rendered":"Data Privacy Policy"},"content":{"rendered":"<div data-elementor-type=\"wp-page\" data-elementor-id=\"2695\" class=\"elementor elementor-2695\" data-elementor-post-type=\"page\">\n\t\t\t\t\t\t<section class=\"elementor-section elementor-top-section elementor-element elementor-element-88bc9ef elementor-section-boxed elementor-section-height-default elementor-section-height-default\" data-id=\"88bc9ef\" data-element_type=\"section\" data-e-type=\"section\" data-settings=\"{&quot;background_background&quot;:&quot;classic&quot;}\">\n\t\t\t\t\t\t<div class=\"elementor-container elementor-column-gap-default\">\n\t\t\t\t\t<div class=\"elementor-column elementor-col-100 elementor-top-column elementor-element elementor-element-8859f6a\" data-id=\"8859f6a\" data-element_type=\"column\" data-e-type=\"column\">\n\t\t\t<div class=\"elementor-widget-wrap elementor-element-populated\">\n\t\t\t\t\t\t<div class=\"elementor-element elementor-element-ea7c426 elementor-widget elementor-widget-spacer\" data-id=\"ea7c426\" data-element_type=\"widget\" data-e-type=\"widget\" data-widget_type=\"spacer.default\">\n\t\t\t\t<div class=\"elementor-widget-container\">\n\t\t\t\t\t\t\t<div class=\"elementor-spacer\">\n\t\t\t<div class=\"elementor-spacer-inner\"><\/div>\n\t\t<\/div>\n\t\t\t\t\t\t<\/div>\n\t\t\t\t<\/div>\n\t\t\t\t\t<\/div>\n\t\t<\/div>\n\t\t\t\t\t<\/div>\n\t\t<\/section>\n\t\t\t\t<section class=\"elementor-section elementor-top-section elementor-element elementor-element-fd951c8 elementor-section-boxed elementor-section-height-default elementor-section-height-default\" data-id=\"fd951c8\" data-element_type=\"section\" data-e-type=\"section\">\n\t\t\t\t\t\t<div class=\"elementor-container elementor-column-gap-default\">\n\t\t\t\t\t<div class=\"elementor-column elementor-col-33 elementor-top-column elementor-element elementor-element-b10bfa6 elementor-hidden-mobile\" data-id=\"b10bfa6\" data-element_type=\"column\" data-e-type=\"column\">\n\t\t\t<div class=\"elementor-widget-wrap\">\n\t\t\t\t\t\t\t<\/div>\n\t\t<\/div>\n\t\t\t\t<div class=\"elementor-column elementor-col-33 elementor-top-column elementor-element elementor-element-317f785\" data-id=\"317f785\" data-element_type=\"column\" data-e-type=\"column\">\n\t\t\t<div class=\"elementor-widget-wrap elementor-element-populated\">\n\t\t\t\t\t\t<div class=\"elementor-element elementor-element-6f9cf9a elementor-widget elementor-widget-heading\" data-id=\"6f9cf9a\" data-element_type=\"widget\" data-e-type=\"widget\" data-widget_type=\"heading.default\">\n\t\t\t\t<div class=\"elementor-widget-container\">\n\t\t\t\t\t<h1 class=\"elementor-heading-title elementor-size-default\">Data Privacy Policy<\/h1>\t\t\t\t<\/div>\n\t\t\t\t<\/div>\n\t\t\t\t<div class=\"elementor-element elementor-element-4661eec elementor-widget elementor-widget-text-editor\" data-id=\"4661eec\" data-element_type=\"widget\" data-e-type=\"widget\" data-widget_type=\"text-editor.default\">\n\t\t\t\t<div class=\"elementor-widget-container\">\n\t\t\t\t\t\t\t\t\t<h4><strong>Sect. 1 General<\/strong><\/h4><p>We will process your personal data (e.g. title, name, address, e-mail address, phone number) solely in accordance with the provisions of the German data protection law and the data protection law of the European Union (EU). The following provisions will inform you, besides the information about the processing purposes, recipients, legal bases and storage periods, also about your rights and the controller for your data processing. This privacy policy applies only to our websites. If you are directed to other sites via links on our pages, please familiarise yourself with the respective use of your data there.<\/p><p>\u00a0<\/p><h4><strong>Sect. 2 Contact us<\/strong><\/h4><p><strong>(1) Purpose of data processing<\/strong><\/p><p>Your personal data you provide us by e-mail, contact form etc., will be processed to answer your inquiries. You are not obliged to provide us with your personal data but we would not be able to answer your inquiries sent by e-mail without your e-mail address.<\/p><p><strong>(2) Legal basis<\/strong><\/p><p>a) If your explicit consent is given for the processing of your data, the legal ground for this processing is set out in Art. 6 (1) (a) of the GDPR.\nb) If your personal data is processed for the purpose of contract performance, the legal ground for this processing is set out in Art. 6 (1) (b) of the GDPR.\nc) The legal ground for all other cases (especially when using a contact form) is set out in Art. 6 (1) (f) of the GDPR.\nYou have the right to object at any time to the processing of data which was performed according to Article 6 (1)(f) of GDPR and which does not serve direct marketing for reasons arising from your particular situation.\nIn the case of direct marketing, however, you may object to the processing at any time without stating any reasons.<\/p><p>b) If your personal data is processed for the purpose of contract performance, the legal ground for this processing is set out in Art. 6 (1) (b) of the GDPR.<\/p><p>c) The legal ground for all other cases (especially when using a contact form) is set out in Art. 6 (1) (f) of the GDPR.\u00a0<\/p><p><strong>You have the right to object at any time to the processing of data which was performed according to Article 6 (1)(f) of GDPR and which does not serve direct marketing for reasons arising from your particular situation.<\/strong><\/p><p><strong>In the case of direct marketing, however, you may object to the processing at any time without stating any reasons.<\/strong><\/p><p><strong>(3) Legitimate interest<\/strong><\/p><p>Our legitimate interest in data processing is to communicate with you in a timely manner and to answer your queries cost-effectively. If you provide us with your address, we reserve the right to use it for direct postal marketing. You can protect your interest in data protection by transferring of data efficiently (e.g. using a pseudonym).<\/p><p><strong>(4) Recipient categories<\/strong><\/p><p>Provider of hosting, service provider for direct marketing<\/p><p><strong>(5) Duration of storage<\/strong><\/p><p>Your data will be deleted if it can be inferred from the circumstances that your queries or questions have been completely clarified.<\/p><p>However, if a contract is concluded, the data required by commercial and tax law will be retained by us for the periods as required by law, i.g. generally for ten years (cf. \u00a7 257 HGB, \u00a7 147 AO).<\/p><p><strong>(6) Right of revocation<\/strong><\/p><p>You have the right to revoke your consent for processing at any time in compliance with your consent.<\/p><p>\u00a0<\/p><h4><strong>Sect. 3 Your rights as a data subject<\/strong><\/h4><p>If your personal data is being processed, you are the \u2018data subject\u2019 in terms of GDPR and you have the following rights towards us, the controller:<\/p><p><strong>1. Right to information<\/strong><\/p><p>You may request us to provide information about your personal data processed by us under Article 15 of the GDPR.<\/p><p><strong>2. Right to rectification<\/strong><\/p><p>If your personal data provided to us is not up to date or not accurate you have the right to ask for modifications to your personal data under Article 16 of the GDPR. You also have the right to request us to complete an incomplete data.<\/p><p><strong>3. Right to erasure<\/strong><\/p><p>You have the right to have your personal data erased and ask for deletion of your data under Article 17 of the GDPR.<\/p><p><strong>4. Right to restriction of processing<\/strong><\/p><p>You have the right to restrict the processing your personal data under Article 18 of the GDPR.<\/p><p><strong>5. Right to data portability<\/strong><\/p><p>You have the right referred to in Article 20 of the GDPR to receive your personal data provided to us, in a structured, commonly used and machine-readable format and have the right to transmit those data to another controller.<\/p><p><strong>6. Right to revoke the consent given under data protection law<\/strong><\/p><p>You have the right referred to in paragraph 3 of Article 7 to withdraw your given consent based on the data protection provisions at any time. This does not affect the lawfulness of the processing based on consent before its withdrawal.<\/p><p><strong>7. Right to lodge a complaint with a supervisory authority<\/strong><\/p><p>If you consider that the processing of personal data relating to you infringes the GDPR, you have the right referring to in Article 77 of the GDPR to complain to the supervisory authority against the processing of your personal data (in particular in the Member State of your habitual residence, place of work or place of the alleged infringement).<\/p><p>\u00a0<\/p><p><strong>Please also note your right of objection under Article 21 GDPR:<\/strong><\/p><p><strong><br \/>a) In general: reasoned objection required<\/strong><\/p><p><strong>If the processing of personal data concerning you takes place in order <\/strong><\/p><p><strong>- to perform our overriding legitimate interest (legal basis: Article 6 (1f) GDPR)\nor<\/strong><\/p><p><strong>- to safeguard the public interest (legal basis: Article 6 (1e) GDPR), <\/strong><\/p><p><strong>you are entitled to object to the processing at any time for reasons arising from your particular situation; this also applies to profiling based on the provisions of the GDPR.<\/strong><\/p><p><strong>In the event of objection, we will no longer process the personal data concerning you unless we can prove compelling grounds for processing which override your interests, rights and freedoms, or the processing is necessary for the establishment, exercise or defence of legal claims;<\/strong><\/p><p><strong>b) Special case of direct marketing: simple objection is sufficient<\/strong><\/p><p><strong>If the personal data concerning you are processed for the purpose of direct marketing, you have the right to object at any time to the processing and without stating reasons; this includes profiling to the extent that it is related to such direct marketing.<\/strong><\/p><p><strong>If you object to the processing for direct marketing purposes, the personal data concerning you will no longer be processed for these purposes.<\/strong><\/p><p>\u00a0<\/p><p><strong>Responsible for data processing:<\/strong><br \/>Optoquant GmbH<br \/>Nachtweide 38<br \/>67433 Neustadt<br \/>Phone: +49 6321 5773459<br \/>info@optoquant.de<\/p>\t\t\t\t\t\t\t\t<\/div>\n\t\t\t\t<\/div>\n\t\t\t\t\t<\/div>\n\t\t<\/div>\n\t\t\t\t<div class=\"elementor-column elementor-col-33 elementor-top-column elementor-element elementor-element-9db30a2 elementor-hidden-mobile\" data-id=\"9db30a2\" data-element_type=\"column\" data-e-type=\"column\">\n\t\t\t<div class=\"elementor-widget-wrap\">\n\t\t\t\t\t\t\t<\/div>\n\t\t<\/div>\n\t\t\t\t\t<\/div>\n\t\t<\/section>\n\t\t\t\t<section class=\"elementor-section elementor-top-section elementor-element elementor-element-8db2641 elementor-section-boxed elementor-section-height-default elementor-section-height-default\" data-id=\"8db2641\" data-element_type=\"section\" data-e-type=\"section\">\n\t\t\t\t\t\t<div class=\"elementor-container elementor-column-gap-default\">\n\t\t\t\t\t<div class=\"elementor-column elementor-col-100 elementor-top-column elementor-element elementor-element-1e8346b\" data-id=\"1e8346b\" data-element_type=\"column\" data-e-type=\"column\">\n\t\t\t<div class=\"elementor-widget-wrap elementor-element-populated\">\n\t\t\t\t\t\t<div class=\"elementor-element elementor-element-2eac8cb elementor-widget elementor-widget-spacer\" data-id=\"2eac8cb\" data-element_type=\"widget\" data-e-type=\"widget\" data-widget_type=\"spacer.default\">\n\t\t\t\t<div class=\"elementor-widget-container\">\n\t\t\t\t\t\t\t<div class=\"elementor-spacer\">\n\t\t\t<div class=\"elementor-spacer-inner\"><\/div>\n\t\t<\/div>\n\t\t\t\t\t\t<\/div>\n\t\t\t\t<\/div>\n\t\t\t\t\t<\/div>\n\t\t<\/div>\n\t\t\t\t\t<\/div>\n\t\t<\/section>\n\t\t\t\t<\/div>","protected":false},"excerpt":{"rendered":"<p>Datenschutzerkl\u00e4rung \u00a7 1\u00a0 Allgemeines Ihre personenbezogenen Daten (z.\u00a0B. Anrede, Name, Anschrift, E-Mail-Adresse, Telefonnummer) werden von uns nur gem\u00e4\u00df den Bestimmungen des deutschen Datenschutzrechts und des Datenschutzrechts der Europ\u00e4ischen Union (EU) verarbeitet. Die nachfolgenden Vorschriften informieren Sie neben den Verarbeitungszwecken, Empf\u00e4ngern, Rechtsgrundlagen, Speicherfristen auch \u00fcber Ihre Rechte und den Verantwortlichen f\u00fcr Ihre Datenverarbeitung. Diese Datenschutzerkl\u00e4rung bezieht [&hellip;]<\/p>\n","protected":false},"author":1,"featured_media":0,"parent":0,"menu_order":0,"comment_status":"closed","ping_status":"closed","template":"","meta":{"footnotes":""},"class_list":["post-2695","page","type-page","status-publish","hentry"],"_links":{"self":[{"href":"https:\/\/optoquant.de\/en\/wp-json\/wp\/v2\/pages\/2695","targetHints":{"allow":["GET"]}}],"collection":[{"href":"https:\/\/optoquant.de\/en\/wp-json\/wp\/v2\/pages"}],"about":[{"href":"https:\/\/optoquant.de\/en\/wp-json\/wp\/v2\/types\/page"}],"author":[{"embeddable":true,"href":"https:\/\/optoquant.de\/en\/wp-json\/wp\/v2\/users\/1"}],"replies":[{"embeddable":true,"href":"https:\/\/optoquant.de\/en\/wp-json\/wp\/v2\/comments?post=2695"}],"version-history":[{"count":6,"href":"https:\/\/optoquant.de\/en\/wp-json\/wp\/v2\/pages\/2695\/revisions"}],"predecessor-version":[{"id":2810,"href":"https:\/\/optoquant.de\/en\/wp-json\/wp\/v2\/pages\/2695\/revisions\/2810"}],"wp:attachment":[{"href":"https:\/\/optoquant.de\/en\/wp-json\/wp\/v2\/media?parent=2695"}],"curies":[{"name":"wp","href":"https:\/\/api.w.org\/{rel}","templated":true}]}}